{"id":413,"date":"2020-11-09T18:48:00","date_gmt":"2020-11-09T17:48:00","guid":{"rendered":"https:\/\/oltreilgiardino.eu\/partner\/"},"modified":"2022-10-26T15:09:07","modified_gmt":"2022-10-26T13:09:07","slug":"partner","status":"publish","type":"page","link":"https:\/\/oltreilgiardino.eu\/en\/partner\/","title":{"rendered":"Partners"},"content":{"rendered":"<p>[et_pb_section fb_built=&#8221;1&#8243; module_id=&#8221;organization&#8221; _builder_version=&#8221;4.16&#8243; _module_preset=&#8221;default&#8221; background_color=&#8221;#f8f8f8&#8243; custom_padding=&#8221;0px||0px||false|false&#8221; global_colors_info=&#8221;{}&#8221; theme_builder_area=&#8221;post_content&#8221;][et_pb_row _builder_version=&#8221;4.16&#8243; _module_preset=&#8221;default&#8221; width=&#8221;100%&#8221; custom_padding=&#8221;0px||||false|false&#8221; global_colors_info=&#8221;{}&#8221; theme_builder_area=&#8221;post_content&#8221;][et_pb_column type=&#8221;4_4&#8243; _builder_version=&#8221;4.16&#8243; _module_preset=&#8221;default&#8221; background_color=&#8221;#ffffff&#8221; custom_padding=&#8221;20px|20px|20px|20px|false|false&#8221; global_colors_info=&#8221;{}&#8221; theme_builder_area=&#8221;post_content&#8221;][et_pb_post_title meta=&#8221;off&#8221; featured_image=&#8221;off&#8221; _builder_version=&#8221;4.6.6&#8243; _module_preset=&#8221;default&#8221; global_module=&#8221;276&#8243; saved_tabs=&#8221;all&#8221; global_colors_info=&#8221;{}&#8221; theme_builder_area=&#8221;post_content&#8221;][\/et_pb_post_title][et_pb_text _builder_version=&#8221;4.9.0&#8243; _module_preset=&#8221;default&#8221; global_module=&#8221;330&#8243; saved_tabs=&#8221;all&#8221; global_colors_info=&#8221;{}&#8221; theme_builder_area=&#8221;post_content&#8221;]<\/p>\n<p>Progetto approvato nel programma ERASMUS+<br \/> <strong>2020-1-IT02-KA204-079679<\/strong><br \/> <em>Cooperazione per l\u2019innovazione e lo scambio di buone prassi \u2013 partenariati strategici nel settore dell\u2019istruzione, della formazione e della giovent\u00f9<\/em><\/p>\n<p>[\/et_pb_text][et_pb_text _builder_version=&#8221;4.16&#8243; _module_preset=&#8221;default&#8221; link_font=&#8221;|||||on|||&#8221; ul_line_height=&#8221;1.8em&#8221; global_colors_info=&#8221;{}&#8221; link_text_color__hover_enabled=&#8221;on|hover&#8221; link_text_color__hover=&#8221;#173833&#8243; theme_builder_area=&#8221;post_content&#8221;]<\/p>\n<ul>\n<li><a href=\"https:\/\/www.associazioneperboboli.com\/\" target=\"_blank\" rel=\"noopener noreferrer\" title=\"Associazione \u201cPer Boboli\u201d\">Associazione \u201cPer Boboli\u201d<\/a> \u2013 ITA \u2013 Leading Partner<\/li>\n<li><a href=\"https:\/\/me-we.it\/\" target=\"_blank\" rel=\"noopener noreferrer\" title=\"Me-We Istituto di Ricerca Innovativa srl \u2013 ITA\">Me-We Istituto di Ricerca Innovativa srl<\/a> \u2013 ITA<\/li>\n<li><a href=\"http:\/\/www.madonninadelgrappa.org\/\" target=\"_blank\" rel=\"noopener noreferrer\" title=\"Opera della Divina Provvidenza Madonnina del Grappa \u2013 ITA\">Opera della Divina Provvidenza Madonnina del Grappa<\/a> \u2013 ITA<\/li>\n<li><a href=\"https:\/\/www.urjc.es\/\" target=\"_blank\" rel=\"noopener noreferrer\" title=\"Universidad Rey Juan Carlos \u2013 ESP\">Universidad Rey Juan Carlos<\/a> \u2013 ESP<\/li>\n<li><a href=\"https:\/\/www.ipp.pt\/\" target=\"_blank\" rel=\"noopener noreferrer\" title=\"Instituto Politecnico do Porto \u2013 POR\">Instituto Politecnico do Porto<\/a> \u2013 POR<\/li>\n<li><a href=\"https:\/\/www.kean.gr\/\" target=\"_blank\" rel=\"noopener noreferrer\" title=\"Kyttaro Enallaktikon Anazitiseon Neaon (KEAN) \u2013 GRE\">Kyttaro Enallaktikon Anazitiseon Neaon (KEAN)<\/a> \u2013 GRE<\/li>\n<li><a href=\"https:\/\/www2.aua.gr\/\" target=\"_blank\" rel=\"noopener noreferrer\" title=\"Agricultural University of Athens \u2013 GRE\">Agricultural University of Athens<\/a> \u2013 GRE<\/li>\n<\/ul>\n<p>[\/et_pb_text][\/et_pb_column][\/et_pb_row][\/et_pb_section][et_pb_section fb_built=&#8221;1&#8243; module_id=&#8221;organization&#8221; _builder_version=&#8221;4.16&#8243; _module_preset=&#8221;default&#8221; background_color=&#8221;#f8f8f8&#8243; custom_padding=&#8221;0px||0px||false|false&#8221; global_colors_info=&#8221;{}&#8221; theme_builder_area=&#8221;post_content&#8221;][et_pb_row _builder_version=&#8221;4.16&#8243; _module_preset=&#8221;default&#8221; width=&#8221;100%&#8221; custom_padding=&#8221;0px||||false|false&#8221; global_colors_info=&#8221;{}&#8221; theme_builder_area=&#8221;post_content&#8221;][et_pb_column type=&#8221;4_4&#8243; _builder_version=&#8221;4.16&#8243; _module_preset=&#8221;default&#8221; background_color=&#8221;#ffffff&#8221; custom_padding=&#8221;20px|20px|20px|20px|false|false&#8221; global_colors_info=&#8221;{}&#8221; theme_builder_area=&#8221;post_content&#8221;][et_pb_text _builder_version=&#8221;4.16&#8243; _module_preset=&#8221;default&#8221; link_font=&#8221;|||||on|||&#8221; ul_line_height=&#8221;1.8em&#8221; global_colors_info=&#8221;{}&#8221; link_text_color__hover_enabled=&#8221;on|hover&#8221; link_text_color__hover=&#8221;#173833&#8243; theme_builder_area=&#8221;post_content&#8221;]<\/p>\n<h3>Associated Partners<\/h3>\n<p>[\/et_pb_text][et_pb_text _builder_version=&#8221;4.18.0&#8243; _module_preset=&#8221;default&#8221; link_font=&#8221;|||||on|||&#8221; ul_line_height=&#8221;1.8em&#8221; hover_enabled=&#8221;0&#8243; global_colors_info=&#8221;{}&#8221; link_text_color__hover_enabled=&#8221;on|hover&#8221; link_text_color__hover=&#8221;#173833&#8243; theme_builder_area=&#8221;post_content&#8221; sticky_enabled=&#8221;0&#8243;]<a href=\"https:\/\/www.regione.toscana.it\/regione\/giunta\/serena-spinelli\" target=\"_blank\" rel=\"noopener\">Regione Toscana \u2013 Assessorato alle Politiche Sociali<\/a><br \/>\n<a href=\"https:\/\/www.comune.fi.it\/taxonomy\/term\/473\" target=\"_blank\" rel=\"noopener\">Comune di Firenze \u2013 Assessorato al Welfare<\/a><br \/>\n<a href=\"https:\/\/www.comune.campi-bisenzio.fi.it\/\" target=\"_blank\" rel=\"noopener\">Comune di Campi Bisenzio \u2013 Firenze<\/a><br \/>\n<a href=\"https:\/\/www.comunefiv.it\/%20\" target=\"_blank\" rel=\"noopener\">Comune di Incisa e Figline Valdarno \u2013 Firenze<\/a><br \/>\n<a href=\"https:\/\/www.disei.unifi.it\/\" target=\"_blank\" rel=\"noopener\">UNIFI \u2013 Dipartimento di Scienze per l\u2019Economia e l\u2019Impresa (DISEI) &#8211; Firenze<\/a><br \/>\n<a href=\"https:\/\/www.imtlucca.it\/\" target=\"_blank\" rel=\"noopener\">Game Science Research Center Scuola IMT Alti Studi &#8211; Lucca<\/a><br \/>\n<a href=\"https:\/\/www.istitutodeglinnocenti.it\/\" target=\"_blank\" rel=\"noopener\">Istituto degli Innocenti \u2013 Firenze<\/a><br \/>\n<a href=\"https:\/\/murateideapark.it\/\" target=\"_blank\" rel=\"noopener\">Murate Idea Park \u2013 Firenze<\/a><br \/>\n<a href=\"https:\/\/www.uffizi.it\/giardino-boboli\" target=\"_blank\" rel=\"noopener\">Giardino di Boboli \u2013 Gallerie degli Uffizi \u2013 Firenze<\/a><br \/>\n<a href=\"https:\/\/www.bardinipeyron.it\/\" target=\"_blank\" rel=\"noopener\">Fondazione Bardini\u2013Peyron \u2013 Firenze<\/a><br \/>\n<a href=\"https:\/\/www.giardinotorrigiani.it\/\" target=\"_blank\" rel=\"noopener\">Giardino Torrigiani \u2013 Firenze<\/a><br \/>\n<a href=\"https:\/\/www.paxchristi.it\/\" target=\"_blank\" rel=\"noopener\">Pax Christi \u2013 Movimento cattolico per la pace \u2013 Firenze<\/a><br \/>\n<a href=\"https:\/\/www.multiverso.net\/\" target=\"_blank\" rel=\"noopener\">Multiverso Coworking &#8211; Firenze<\/a><br \/>\n<a href=\"https:\/\/www.cfpdonfacibeni.org\/\" target=\"_blank\" rel=\"noopener\">CFP Don Giulio Facibeni &#8211; Firenze<\/a><br \/>\n<a href=\"https:\/\/www.rifrediinsieme.org\/\" target=\"_blank\" rel=\"noopener\">Cooperativa Rifredi Insieme &#8211; Firenze<\/a><\/p>\n<p>Servizi di accoglienza Comune di Firenze<br \/>\n<a href=\"https:\/\/affidamenti.comune.fi.it\/node\/731\" target=\"_blank\" rel=\"noopener\">Meoste-Fuligno<\/a><br \/>\n<a href=\"https:\/\/servizi.comune.fi.it\/servizi\/scheda-servizio\/albergo-popolare\" target=\"_blank\" rel=\"noopener\">Albergo Popolare<\/a><\/p>\n<p><a href=\"https:\/\/www.urjc.es\/principal-intranet\/uad-discapacidad%20\" target=\"_blank\" rel=\"noopener\">DAI, PERSONAS CON DISCAPACIDAD, ACCESIBILIDAD E INCLUSI\u00d3N &#8211; Universidad Rey Juan Carlos &#8211; Madrid<\/a><br \/>\n<a href=\"https:\/\/fundacioncamiloprado.org\/%20\" target=\"_blank\" rel=\"noopener\">Fondazione Camilo Prado \u2013 Madrid<\/a><br \/>\n<a href=\"http:\/\/academicsworld.org\/Conference2023\/Spain\/1\/ICESD\/\" target=\"_blank\" rel=\"noopener\">ICESD \u2013 Madrid<\/a><br \/>\n<a href=\"http:\/\/www.camporeal.es\/tu-pueblo\/impuestos-y-tributos\/21-sitio\" target=\"_blank\" rel=\"noopener\">Consiglio Della Citta\u0300 di Campo Real &#8211; Madrid<\/a><br \/>\n<a href=\"https:\/\/matritense.net\/\" target=\"_blank\" rel=\"noopener\">Real Sociedad Econo\u0301mica Matritense De Amigos Del Pai\u0301s- Madrid<\/a><br \/>\nPottery school of Campo Real \u201cEl Bolo\u201d \u2013 Madrid<br \/>\n<a href=\"https:\/\/www.aceitunasuceda.com\/aceitunas-campo-real\/\" target=\"_blank\" rel=\"noopener\">Casa Tradicional de Aceituneros Campo Real \u2013 Madrid<\/a><br \/>\n<a href=\"https:\/\/www.fundacionjuanxxiii.org\/\" target=\"_blank\" rel=\"noopener\">Fundaci\u00f2n Juan XXIII \u2013 Madrid<\/a><\/p>\n<p><a href=\"https:\/\/sigarra.up.pt\/fcup\/\" target=\"_blank\" rel=\"noopener\">Faculdade de Ci\u00eancias \u2013 Universidade do Porto<\/a><br \/>\n<a href=\"https:\/\/sigarra.up.pt\/up\/en\/web_base.gera_pagina?P_pagina=1006628\" target=\"_blank\" rel=\"noopener\">Jardim Bot\u00e2nico \u2013 Universidade do Porto<\/a><br \/>\n<a href=\"https:\/\/culturanorte.gov.pt\/patrimonio\/casa-das-artes\/\" target=\"_blank\" rel=\"noopener\">Jardins e Casa Allen \u2013 Dire\u00e7\u00e3o Regional de Cultura Norte<\/a><br \/>\n<a href=\"https:\/\/ambiente.cm-porto.pt\/parques-e-jardins\/jardins-do-palacio-de-cristal\" target=\"_blank\" rel=\"noopener\">C\u00e2mara Municipal do Porto \u2013 Parque da Asprela e Jardim do Pal\u00e1cio de Cristal Parque Jardim<\/a><br \/>\n<a href=\"https:\/\/portoinnovationhub.pt\/fora_portas\/parque-asprela\/\" target=\"_blank\" rel=\"noopener\">SAOM &#8211; Servi\u00e7os de Assist\u00eancia Organiza\u00e7\u00f5es de Maria \u2013 Porto<\/a><br \/>\n<a href=\"https:\/\/arvorecoop.pt\/\" target=\"_blank\" rel=\"noopener\">Cooperativa Art\u00edstica \u00c1rvore \u2013 Porto<\/a><\/p>\n<p><a href=\"https:\/\/www.cityofathens.gr\/%20\" target=\"_blank\" rel=\"noopener\">Municipality of Athens<\/a><br \/>\n<a href=\"https:\/\/www.greeka.com\/attica\/athens\/sightseeing\/athens-national-gardens\/\" target=\"_blank\" rel=\"noopener\">National Garden \u2013 Atene<\/a><br \/>\n<a href=\"https:\/\/www.pyrgosvasilissis.gr\/en\/environmental-awareness-park\/\" target=\"_blank\" rel=\"noopener\">Antonis Tritsis Environmental Park \u2013 Atene<\/a><br \/>\n<a href=\"https:\/\/www.snfcc.org\/en\/snfcc\/stavros-niarchos-park\" target=\"_blank\" rel=\"noopener\">Niarchos Stavros Foundation Park &#8211; Atene<\/a><br \/>\n<a href=\"https:\/\/www.kek-kriti.gr\/\" target=\"_blank\" rel=\"noopener\">K.E.K Kriti \u2013 Atene<\/a><br \/>\nKEAEP Ong &#8211; Atene<br \/>\n<a href=\"https:\/\/www.iea.org\/\" target=\"_blank\" rel=\"noopener\">IEA Ong \u2013 Atene<\/a>[\/et_pb_text][\/et_pb_column][\/et_pb_row][\/et_pb_section]<\/p>\n","protected":false},"excerpt":{"rendered":"<p>Progetto approvato nel programma ERASMUS+ 2020-1-IT02-KA204-079679 Cooperazione per l\u2019innovazione e lo scambio di buone prassi \u2013 partenariati strategici nel settore dell\u2019istruzione, della formazione e della giovent\u00f9 Associazione \u201cPer Boboli\u201d \u2013 ITA \u2013 Leading Partner Me-We Istituto di Ricerca Innovativa srl \u2013 ITA Opera della Divina Provvidenza Madonnina del Grappa \u2013 ITA Universidad Rey Juan Carlos [&hellip;]<\/p>\n","protected":false},"author":1,"featured_media":382,"parent":0,"menu_order":0,"comment_status":"closed","ping_status":"closed","template":"","meta":{"_et_pb_use_builder":"on","_et_pb_old_content":"","_et_gb_content_width":"","footnotes":""},"class_list":["post-413","page","type-page","status-publish","has-post-thumbnail","hentry"],"_links":{"self":[{"href":"https:\/\/oltreilgiardino.eu\/en\/wp-json\/wp\/v2\/pages\/413","targetHints":{"allow":["GET"]}}],"collection":[{"href":"https:\/\/oltreilgiardino.eu\/en\/wp-json\/wp\/v2\/pages"}],"about":[{"href":"https:\/\/oltreilgiardino.eu\/en\/wp-json\/wp\/v2\/types\/page"}],"author":[{"embeddable":true,"href":"https:\/\/oltreilgiardino.eu\/en\/wp-json\/wp\/v2\/users\/1"}],"replies":[{"embeddable":true,"href":"https:\/\/oltreilgiardino.eu\/en\/wp-json\/wp\/v2\/comments?post=413"}],"version-history":[{"count":29,"href":"https:\/\/oltreilgiardino.eu\/en\/wp-json\/wp\/v2\/pages\/413\/revisions"}],"predecessor-version":[{"id":2310,"href":"https:\/\/oltreilgiardino.eu\/en\/wp-json\/wp\/v2\/pages\/413\/revisions\/2310"}],"wp:featuredmedia":[{"embeddable":true,"href":"https:\/\/oltreilgiardino.eu\/en\/wp-json\/wp\/v2\/media\/382"}],"wp:attachment":[{"href":"https:\/\/oltreilgiardino.eu\/en\/wp-json\/wp\/v2\/media?parent=413"}],"curies":[{"name":"wp","href":"https:\/\/api.w.org\/{rel}","templated":true}]}}